{"id":23200,"date":"2026-02-04T13:36:26","date_gmt":"2026-02-04T12:36:26","guid":{"rendered":"https:\/\/www.neukoellneroper.de\/?page_id=23200"},"modified":"2026-03-31T18:31:01","modified_gmt":"2026-03-31T16:31:01","slug":"neukoellner-oper-kinder-klub","status":"publish","type":"page","link":"https:\/\/www.neukoellneroper.de\/en\/neukoellner-oper-kinder-klub\/","title":{"rendered":"NO Kids"},"content":{"rendered":"\n<figure class=\"wp-block-image size-large\"><img width=\"1100\" height=\"733\" loading=\"lazy\"src=\"https:\/\/www.neukoellneroper.de\/wp-content\/uploads\/2026\/01\/Kind\u00a9MURAT_ASLAN_2019-0021-2-scaled-e1769604742724-1100x733.jpg\" alt=\"Ein junges dunkelhaariges M\u00e4dchen h\u00e4lt sich l\u00e4chelnd einen angebissenen D\u00f6ner vor das Gesicht.\" class=\"wp-image-23076\" style=\"aspect-ratio:16\/9;object-fit:cover\" srcset=\"https:\/\/www.neukoellneroper.de\/wp-content\/uploads\/2026\/01\/Kind\u00a9MURAT_ASLAN_2019-0021-2-scaled-e1769604742724-1100x733.jpg 1100w, https:\/\/www.neukoellneroper.de\/wp-content\/uploads\/2026\/01\/Kind\u00a9MURAT_ASLAN_2019-0021-2-scaled-e1769604742724-768x512.jpg 768w, https:\/\/www.neukoellneroper.de\/wp-content\/uploads\/2026\/01\/Kind\u00a9MURAT_ASLAN_2019-0021-2-scaled-e1769604742724-1536x1024.jpg 1536w, https:\/\/www.neukoellneroper.de\/wp-content\/uploads\/2026\/01\/Kind\u00a9MURAT_ASLAN_2019-0021-2-scaled-e1769604742724-50x33.jpg 50w, https:\/\/www.neukoellneroper.de\/wp-content\/uploads\/2026\/01\/Kind\u00a9MURAT_ASLAN_2019-0021-2-scaled-e1769604742724.jpg 1740w\" sizes=\"auto, (max-width: 1100px) 100vw, 1100px\" \/><figcaption class=\"wp-element-caption\">\u00a9 Murat Aslan<\/figcaption><\/figure>\n\n\n\n<p><strong>NO Kids<\/strong> invites children from age 10 to 15 to make music, play theatre, and simply let loose on stage. Together with director Verena Schonlau Talamonti, the children create a musical theatre piece over several rehearsal weekends, which is eventually performed in front of an audience at the Neuk\u00f6llner Oper. Requirements for participation: no previous experience, just time and passion.<\/p>\n\n\n\n<div class=\"slider\" class=\"wp-block-acv-slider\"><figure class=\"wp-block-image size-large\"><img decoding=\"async\" loading=\"lazy\"data-id=\"17254\" src=\"https:\/\/www.neukoellneroper.de\/wp-content\/uploads\/2023\/10\/Screenshot-2023-10-16-151135-1100x603.png\" alt=\"\" title=\"\" width=\"1100\" height=\"603\"\/><figcaption class=\"slide-caption\">NOKK 2023: Findling | \u00a9 Verena Talamonti<\/figcaption><\/figure><figure class=\"wp-block-image size-large\"><img decoding=\"async\" loading=\"lazy\"data-id=\"19952\" src=\"https:\/\/www.neukoellneroper.de\/wp-content\/uploads\/2024\/10\/Pizza_Pizza_6029-1100x733.jpg\" alt=\"\" title=\"\" width=\"1100\" height=\"733\"\/><figcaption class=\"slide-caption\">NOKK 2024 PIZZA, PIZZA<\/figcaption><\/figure><figure class=\"wp-block-image size-large\"><img decoding=\"async\" loading=\"lazy\"data-id=\"14310\" src=\"https:\/\/www.neukoellneroper.de\/wp-content\/uploads\/2022\/10\/wanted_tk_7754--1100x733.jpg\" alt=\"\" title=\"\" width=\"1100\" height=\"733\"\/><figcaption class=\"slide-caption\">NOKK 2022: WANTED | \u00a9 Thomas Koy<\/figcaption><\/figure><figure class=\"wp-block-image size-large\"><img decoding=\"async\" loading=\"lazy\"data-id=\"14311\" src=\"https:\/\/www.neukoellneroper.de\/wp-content\/uploads\/2022\/10\/wanted_tk_7781--1100x733.jpg\" alt=\"\" title=\"\" width=\"1100\" height=\"733\"\/><figcaption class=\"slide-caption\">NOKK 2022: WANTED | \u00a9 Thomas Koy<\/figcaption><\/figure><figure class=\"wp-block-image size-large\"><img decoding=\"async\" loading=\"lazy\"data-id=\"14312\" src=\"https:\/\/www.neukoellneroper.de\/wp-content\/uploads\/2022\/10\/wanted_tk_9033--1100x733.jpg\" alt=\"\" title=\"\" width=\"1100\" height=\"733\"\/><figcaption class=\"slide-caption\">NOKK 2022: WANTED | \u00a9 Thomas Koy<\/figcaption><\/figure><figure class=\"wp-block-image size-large\"><img decoding=\"async\" loading=\"lazy\"data-id=\"19141\" src=\"https:\/\/www.neukoellneroper.de\/wp-content\/uploads\/2024\/06\/Datei_003-1100x825.png\" alt=\"\" title=\"\" width=\"1100\" height=\"825\"\/><figcaption class=\"slide-caption\">NOKK 2023: Findling | \u00a9 Verena Talamonti<\/figcaption><\/figure><figure class=\"wp-block-image size-large\"><img decoding=\"async\" loading=\"lazy\"data-id=\"19142\" src=\"https:\/\/www.neukoellneroper.de\/wp-content\/uploads\/2024\/06\/Datei_009-1100x825.png\" alt=\"\" title=\"\" width=\"1100\" height=\"825\"\/><figcaption class=\"slide-caption\">NOKK 2023: Findling | \u00a9 Verena Talamonti<\/figcaption><\/figure><\/div>\n\n\n\n<p class=\"has-text-align-left\"><strong>Would you like to join? Or do you have questions? Just send a mail to: <\/strong><a href=\"mailto:altenhof@neukoellneroper.de\">altenhof@neukoellneroper.de<\/a><\/p>\n\n\n\n<hr class=\"wp-block-separator has-alpha-channel-opacity\"\/>\n\n\n\n<h2 class=\"wp-block-heading\"><strong>Soon<\/strong><\/h2>\n\n\n\n<div class=\"wp-block-media-text is-stacked-on-mobile\"><figure class=\"wp-block-media-text__media\"><img width=\"1100\" height=\"619\" loading=\"lazy\"src=\"https:\/\/www.neukoellneroper.de\/wp-content\/uploads\/2026\/03\/No-Kids_My-Melodies_Key-Visual-1100x619.jpg\" alt=\"\" class=\"wp-image-23731 size-full landscape\" srcset=\"https:\/\/www.neukoellneroper.de\/wp-content\/uploads\/2026\/03\/No-Kids_My-Melodies_Key-Visual-1100x619.jpg 1100w, https:\/\/www.neukoellneroper.de\/wp-content\/uploads\/2026\/03\/No-Kids_My-Melodies_Key-Visual-768x432.jpg 768w, https:\/\/www.neukoellneroper.de\/wp-content\/uploads\/2026\/03\/No-Kids_My-Melodies_Key-Visual-1536x864.jpg 1536w, https:\/\/www.neukoellneroper.de\/wp-content\/uploads\/2026\/03\/No-Kids_My-Melodies_Key-Visual-2048x1152.jpg 2048w, https:\/\/www.neukoellneroper.de\/wp-content\/uploads\/2026\/03\/No-Kids_My-Melodies_Key-Visual-50x28.jpg 50w\" sizes=\"auto, (max-width: 1100px) 100vw, 1100px\" \/><figcaption>\u00a9 Verena Talamonti<\/figcaption><\/figure><div class=\"wp-block-media-text__content\">\n<h2 class=\"wp-block-heading\"><strong>2026: M<\/strong>y Melodies<\/h2>\n\n\n\n<p>A Journey Through the Music Decades with NO Kids<\/p>\n\n\n\n<div class=\"wp-block-buttons is-layout-flex wp-block-buttons-is-layout-flex\">\n<div class=\"wp-block-button\"><a class=\"wp-block-button__link wp-element-button\" href=\"https:\/\/www.neukoellneroper.de\/en\/performance\/my-melodies\/\">Learn more<\/a><\/div>\n<\/div>\n<\/div><\/div>\n\n\n\n<h2 class=\"wp-block-heading\"><strong>Previously<\/strong><\/h2>\n\n\n\n<div class=\"wp-block-media-text is-stacked-on-mobile\"><figure class=\"wp-block-media-text__media\"><img width=\"1100\" height=\"825\" loading=\"lazy\"src=\"https:\/\/www.neukoellneroper.de\/wp-content\/uploads\/2025\/03\/mord-ohne-leiche2-1-1100x825.webp\" alt=\"\" class=\"wp-image-20862 size-full landscape\" style=\"object-position: 95% 20%\" srcset=\"https:\/\/www.neukoellneroper.de\/wp-content\/uploads\/2025\/03\/mord-ohne-leiche2-1-1100x825.webp 1100w, https:\/\/www.neukoellneroper.de\/wp-content\/uploads\/2025\/03\/mord-ohne-leiche2-1-768x576.webp 768w, https:\/\/www.neukoellneroper.de\/wp-content\/uploads\/2025\/03\/mord-ohne-leiche2-1-1536x1152.webp 1536w, https:\/\/www.neukoellneroper.de\/wp-content\/uploads\/2025\/03\/mord-ohne-leiche2-1-2048x1536.webp 2048w, https:\/\/www.neukoellneroper.de\/wp-content\/uploads\/2025\/03\/mord-ohne-leiche2-1-50x38.webp 50w\" sizes=\"auto, (max-width: 1100px) 100vw, 1100px\" \/><figcaption>\u00a9 Verena Schonlau-Talamonti<\/figcaption><\/figure><div class=\"wp-block-media-text__content\">\n<h2 class=\"wp-block-heading\"><strong>2025: MORD OHNE LEICHE \u2013<\/strong> <strong>(K)Ein Fall F\u00fcr Sherlock Holmes<\/strong><\/h2>\n\n\n\n<p>By Margret V\u00f6lke &amp; Rudolf Guder, Verena Schonlau-Talamonti (text), Yael Front (music)<\/p>\n\n\n\n<div class=\"wp-block-buttons is-layout-flex wp-block-buttons-is-layout-flex\">\n<div class=\"wp-block-button\"><a class=\"wp-block-button__link wp-element-button\" href=\"https:\/\/www.neukoellneroper.de\/en\/performance\/mord-ohne-leiche\/\">Learn more<\/a><\/div>\n<\/div>\n<\/div><\/div>\n\n\n\n<div class=\"wp-block-media-text is-stacked-on-mobile is-image-fill-element\"><figure class=\"wp-block-media-text__media\"><img width=\"1100\" height=\"1608\" loading=\"lazy\"src=\"https:\/\/www.neukoellneroper.de\/wp-content\/uploads\/2024\/10\/Pizza_Pizza_tk_0540-scaled-e1730212737138-1100x1608.jpg\" alt=\"\" class=\"wp-image-19959 size-full\" style=\"object-position:52% 29%\" srcset=\"https:\/\/www.neukoellneroper.de\/wp-content\/uploads\/2024\/10\/Pizza_Pizza_tk_0540-scaled-e1730212737138-1100x1608.jpg 1100w, https:\/\/www.neukoellneroper.de\/wp-content\/uploads\/2024\/10\/Pizza_Pizza_tk_0540-scaled-e1730212737138-768x1123.jpg 768w, https:\/\/www.neukoellneroper.de\/wp-content\/uploads\/2024\/10\/Pizza_Pizza_tk_0540-scaled-e1730212737138-1050x1536.jpg 1050w, https:\/\/www.neukoellneroper.de\/wp-content\/uploads\/2024\/10\/Pizza_Pizza_tk_0540-scaled-e1730212737138-34x50.jpg 34w, https:\/\/www.neukoellneroper.de\/wp-content\/uploads\/2024\/10\/Pizza_Pizza_tk_0540-scaled-e1730212737138.jpg 1164w\" sizes=\"auto, (max-width: 1100px) 100vw, 1100px\" \/><\/figure><div class=\"wp-block-media-text__content\">\n<h2 class=\"wp-block-heading\"><strong>2024: PIZZA PIZZA<\/strong><br><strong>(oder wenn die Pizza nicht kommt)<\/strong><\/h2>\n\n\n\n<p>By Verena Talamoti (direction), Yuval Halpern (music), Carola Thiede (production)<\/p>\n\n\n\n<div class=\"wp-block-buttons is-layout-flex wp-block-buttons-is-layout-flex\">\n<div class=\"wp-block-button\"><a class=\"wp-block-button__link wp-element-button\" href=\"https:\/\/www.neukoellneroper.de\/en\/performance\/pizza-pizza-oder-wenn-die-pizza-nicht-kommt\/\">Learn more<\/a><\/div>\n<\/div>\n<\/div><\/div>\n\n\n\n<div class=\"wp-block-media-text is-stacked-on-mobile\"><figure class=\"wp-block-media-text__media\"><img width=\"1100\" height=\"644\" loading=\"lazy\"src=\"https:\/\/www.neukoellneroper.de\/wp-content\/uploads\/2024\/10\/Datei_011-e1730212287651-1100x644.png\" alt=\"\" class=\"wp-image-19957 size-full landscape\" srcset=\"https:\/\/www.neukoellneroper.de\/wp-content\/uploads\/2024\/10\/Datei_011-e1730212287651-1100x644.png 1100w, https:\/\/www.neukoellneroper.de\/wp-content\/uploads\/2024\/10\/Datei_011-e1730212287651-768x449.png 768w, https:\/\/www.neukoellneroper.de\/wp-content\/uploads\/2024\/10\/Datei_011-e1730212287651-50x29.png 50w, https:\/\/www.neukoellneroper.de\/wp-content\/uploads\/2024\/10\/Datei_011-e1730212287651.png 1176w\" sizes=\"auto, (max-width: 1100px) 100vw, 1100px\" \/><\/figure><div class=\"wp-block-media-text__content\">\n<h2 class=\"wp-block-heading\"><strong><strong>2023: FINDLING<\/strong><\/strong><\/h2>\n\n\n\n<p>By Verena Talamoti (direction), Yuval Halpern (music), Carola Thiede (production)<br><br><\/p>\n\n\n\n<p><br><\/p>\n\n\n\n<div class=\"wp-block-buttons is-layout-flex wp-block-buttons-is-layout-flex\">\n<div class=\"wp-block-button\"><a class=\"wp-block-button__link wp-element-button\" href=\"https:\/\/www.neukoellneroper.de\/en\/performance\/findling\/\">Learn more<\/a><\/div>\n<\/div>\n<\/div><\/div>\n\n\n\n<div class=\"wp-block-media-text is-stacked-on-mobile\"><figure class=\"wp-block-media-text__media\"><img width=\"1100\" height=\"733\" loading=\"lazy\"src=\"https:\/\/www.neukoellneroper.de\/wp-content\/uploads\/2022\/06\/wanted_tk_8967--1100x733.jpg\" alt=\"\" class=\"wp-image-12843 size-full landscape\" srcset=\"https:\/\/www.neukoellneroper.de\/wp-content\/uploads\/2022\/06\/wanted_tk_8967--1100x733.jpg 1100w, https:\/\/www.neukoellneroper.de\/wp-content\/uploads\/2022\/06\/wanted_tk_8967--768x512.jpg 768w, https:\/\/www.neukoellneroper.de\/wp-content\/uploads\/2022\/06\/wanted_tk_8967--1536x1024.jpg 1536w, https:\/\/www.neukoellneroper.de\/wp-content\/uploads\/2022\/06\/wanted_tk_8967--50x33.jpg 50w, https:\/\/www.neukoellneroper.de\/wp-content\/uploads\/2022\/06\/wanted_tk_8967-.jpg 2000w\" sizes=\"auto, (max-width: 1100px) 100vw, 1100px\" \/><\/figure><div class=\"wp-block-media-text__content\">\n<h2 class=\"wp-block-heading\"><strong><strong>2022: WANTED!<\/strong><\/strong> \u2013 <strong>Die Western Story des Neuk\u00f6llner Oper Kinderclub<\/strong><\/h2>\n\n\n\n<p>By Verena Talamoti (direction), Yuval Halpern (music), Carola Thiede (production)<br><\/p>\n\n\n\n<div class=\"wp-block-buttons is-layout-flex wp-block-buttons-is-layout-flex\">\n<div class=\"wp-block-button\"><a class=\"wp-block-button__link wp-element-button\" href=\"https:\/\/www.neukoellneroper.de\/en\/performance\/wanted\/\">Learn more<\/a><\/div>\n<\/div>\n<\/div><\/div>\n\n\n\n<div class=\"wp-block-media-text is-stacked-on-mobile is-image-fill-element\"><figure class=\"wp-block-media-text__media\"><img width=\"1100\" height=\"825\" loading=\"lazy\"src=\"https:\/\/www.neukoellneroper.de\/wp-content\/uploads\/2020\/09\/NOKK-2020-\u00a9-Yuval-Halpern_4-1100x825.jpg\" alt=\"\" class=\"wp-image-6866 size-full\" style=\"object-position:50% 50%\" srcset=\"https:\/\/www.neukoellneroper.de\/wp-content\/uploads\/2020\/09\/NOKK-2020-\u00a9-Yuval-Halpern_4-1100x825.jpg 1100w, https:\/\/www.neukoellneroper.de\/wp-content\/uploads\/2020\/09\/NOKK-2020-\u00a9-Yuval-Halpern_4-768x576.jpg 768w, https:\/\/www.neukoellneroper.de\/wp-content\/uploads\/2020\/09\/NOKK-2020-\u00a9-Yuval-Halpern_4-1536x1152.jpg 1536w, https:\/\/www.neukoellneroper.de\/wp-content\/uploads\/2020\/09\/NOKK-2020-\u00a9-Yuval-Halpern_4-50x38.jpg 50w, https:\/\/www.neukoellneroper.de\/wp-content\/uploads\/2020\/09\/NOKK-2020-\u00a9-Yuval-Halpern_4.jpg 2016w\" sizes=\"auto, (max-width: 1100px) 100vw, 1100px\" \/><figcaption>\u00a9 Yuval Halpern<\/figcaption><\/figure><div class=\"wp-block-media-text__content\">\n<h2 class=\"wp-block-heading\"><strong><strong>2020: WER WAR&#8217;S<\/strong><\/strong> \u2013 <strong><strong>Ein musikalischer Krimi des&nbsp;Neuk\u00f6llner Oper Kinder Klub<\/strong><\/strong><\/h2>\n\n\n\n<p>By Verena Talamoti (direction), Yuval Halpern (music), Carola Thiede (production)<br><\/p>\n\n\n\n<div class=\"wp-block-buttons is-layout-flex wp-block-buttons-is-layout-flex\">\n<div class=\"wp-block-button\"><a class=\"wp-block-button__link wp-element-button\" href=\"https:\/\/www.neukoellneroper.de\/en\/performance\/wer-wars\/\">Learn more<\/a><\/div>\n<\/div>\n<\/div><\/div>\n\n\n\n<div class=\"wp-block-media-text is-stacked-on-mobile is-image-fill-element\"><figure class=\"wp-block-media-text__media\"><img width=\"1100\" height=\"339\" loading=\"lazy\"src=\"https:\/\/www.neukoellneroper.de\/wp-content\/uploads\/2020\/04\/Held_in-e1551362356278-2-1-1100x339.jpg\" alt=\"\" class=\"wp-image-5210 size-full\" style=\"object-position:38% 49%\" srcset=\"https:\/\/www.neukoellneroper.de\/wp-content\/uploads\/2020\/04\/Held_in-e1551362356278-2-1-1100x339.jpg 1100w, https:\/\/www.neukoellneroper.de\/wp-content\/uploads\/2020\/04\/Held_in-e1551362356278-2-1-768x237.jpg 768w, https:\/\/www.neukoellneroper.de\/wp-content\/uploads\/2020\/04\/Held_in-e1551362356278-2-1-50x15.jpg 50w, https:\/\/www.neukoellneroper.de\/wp-content\/uploads\/2020\/04\/Held_in-e1551362356278-2-1.jpg 1284w\" sizes=\"auto, (max-width: 1100px) 100vw, 1100px\" \/><\/figure><div class=\"wp-block-media-text__content\">\n<h2 class=\"wp-block-heading\"><strong>2019: HELD\/IN?! \u2013<\/strong> <strong>Eine St\u00fcckentwicklung des Neuk\u00f6llner Oper Kinder Klub<\/strong><\/h2>\n\n\n\n<p>By Verena Talamoti (direction), Yuval Halpern (music), Carola Thiede (production)<br><\/p>\n\n\n\n<div class=\"wp-block-buttons is-layout-flex wp-block-buttons-is-layout-flex\">\n<div class=\"wp-block-button\"><a class=\"wp-block-button__link wp-element-button\" href=\"https:\/\/www.neukoellneroper.de\/performance\/en\/held-in\/\">Learn more<\/a><\/div>\n<\/div>\n<\/div><\/div>\n\n\n\n<div class=\"wp-block-media-text is-stacked-on-mobile is-image-fill-element\"><figure class=\"wp-block-media-text__media\"><img width=\"893\" height=\"494\" loading=\"lazy\"src=\"https:\/\/www.neukoellneroper.de\/wp-content\/uploads\/2018\/06\/allein.jpg\" alt=\"\" class=\"wp-image-1940 size-full\" style=\"object-position:48% 15%\" srcset=\"https:\/\/www.neukoellneroper.de\/wp-content\/uploads\/2018\/06\/allein.jpg 893w, https:\/\/www.neukoellneroper.de\/wp-content\/uploads\/2018\/06\/allein-768x425.jpg 768w, https:\/\/www.neukoellneroper.de\/wp-content\/uploads\/2018\/06\/allein-50x28.jpg 50w\" sizes=\"auto, (max-width: 893px) 100vw, 893px\" \/><\/figure><div class=\"wp-block-media-text__content\">\n<h2 class=\"wp-block-heading\"><strong>2018: ALLEIN<\/strong><\/h2>\n\n\n\n<p>By Verena Talamoti (direction), Carola Thiede (production)<br><br>As part of the festival 48 Stunden Neuk\u00f6lln<\/p>\n\n\n\n<p><br><\/p>\n\n\n\n<div class=\"wp-block-buttons is-layout-flex wp-block-buttons-is-layout-flex\">\n<div class=\"wp-block-button\"><a class=\"wp-block-button__link wp-element-button\" href=\"https:\/\/www.neukoellneroper.de\/en\/performance\/allein-2\/\">Learn more<\/a><\/div>\n<\/div>\n<\/div><\/div>\n\n\n\n<div class=\"wp-block-media-text is-stacked-on-mobile is-image-fill-element\"><figure class=\"wp-block-media-text__media\"><img width=\"1100\" height=\"733\" loading=\"lazy\"src=\"https:\/\/www.neukoellneroper.de\/wp-content\/uploads\/2021\/09\/48h2017_Sonntag_Theater_Remise-NeukAllner-Oper_JuKu_Erik-Muhs-2-1100x733.jpg\" alt=\"\" class=\"wp-image-10175 size-full\" style=\"object-position:50% 50%\" srcset=\"https:\/\/www.neukoellneroper.de\/wp-content\/uploads\/2021\/09\/48h2017_Sonntag_Theater_Remise-NeukAllner-Oper_JuKu_Erik-Muhs-2-1100x733.jpg 1100w, https:\/\/www.neukoellneroper.de\/wp-content\/uploads\/2021\/09\/48h2017_Sonntag_Theater_Remise-NeukAllner-Oper_JuKu_Erik-Muhs-2-768x512.jpg 768w, https:\/\/www.neukoellneroper.de\/wp-content\/uploads\/2021\/09\/48h2017_Sonntag_Theater_Remise-NeukAllner-Oper_JuKu_Erik-Muhs-2-1536x1024.jpg 1536w, https:\/\/www.neukoellneroper.de\/wp-content\/uploads\/2021\/09\/48h2017_Sonntag_Theater_Remise-NeukAllner-Oper_JuKu_Erik-Muhs-2-2048x1365.jpg 2048w, https:\/\/www.neukoellneroper.de\/wp-content\/uploads\/2021\/09\/48h2017_Sonntag_Theater_Remise-NeukAllner-Oper_JuKu_Erik-Muhs-2-50x33.jpg 50w\" sizes=\"auto, (max-width: 1100px) 100vw, 1100px\" \/><\/figure><div class=\"wp-block-media-text__content\">\n<h2 class=\"wp-block-heading\"><strong>2017: TAYLOR<\/strong><\/h2>\n\n\n\n<p>Premiere of the new production by the Oldies (ages 12\u201315). They performed the piece again in public together with the \u201cNewcomers\u201d (ages 8\u201311) at the festival \u201c48 Hours Neuk\u00f6lln\u201d \u2014 in our new rehearsal space, the Remise at Uthmannstra\u00dfe 12.<br><\/p>\n<\/div><\/div>\n\n\n\n<div class=\"wp-block-media-text is-stacked-on-mobile is-image-fill-element\"><figure class=\"wp-block-media-text__media\"><img width=\"1100\" height=\"1423\" loading=\"lazy\"src=\"https:\/\/www.neukoellneroper.de\/wp-content\/uploads\/2021\/09\/wald-1100x1423.jpg\" alt=\"\" class=\"wp-image-10177 size-full\" style=\"object-position:50% 50%\" srcset=\"https:\/\/www.neukoellneroper.de\/wp-content\/uploads\/2021\/09\/wald-1100x1423.jpg 1100w, https:\/\/www.neukoellneroper.de\/wp-content\/uploads\/2021\/09\/wald-768x994.jpg 768w, https:\/\/www.neukoellneroper.de\/wp-content\/uploads\/2021\/09\/wald-1187x1536.jpg 1187w, https:\/\/www.neukoellneroper.de\/wp-content\/uploads\/2021\/09\/wald-39x50.jpg 39w, https:\/\/www.neukoellneroper.de\/wp-content\/uploads\/2021\/09\/wald.jpg 1191w\" sizes=\"auto, (max-width: 1100px) 100vw, 1100px\" \/><\/figure><div class=\"wp-block-media-text__content\">\n<h2 class=\"wp-block-heading\"><strong>2016: DER WALD DER VERWUNSCHENEN KINDER<\/strong><\/h2>\n\n\n\n<p>Over the course of six weekend afternoons, the children created music, movement, and acting for a play under the guidance of Lajos Talamonti and Michael Kessler, which they then presented on our stage: a mini musical as part of the arts and culture festival \u201c48 Hours Neuk\u00f6lln.\u201d<\/p>\n<\/div><\/div>\n\n\n\n<p><strong>NO Kids<\/strong> is kindly supported by<\/p>\n\n\n<div class=\"wp-block-image\">\n<figure class=\"aligncenter size-full is-resized\"><img width=\"194\" height=\"69\" loading=\"lazy\"src=\"https:\/\/www.neukoellneroper.de\/wp-content\/uploads\/2021\/09\/Zeichenflaeche-57.png\" alt=\"\" class=\"wp-image-10805\" style=\"width:243px;height:86px\" srcset=\"https:\/\/www.neukoellneroper.de\/wp-content\/uploads\/2021\/09\/Zeichenflaeche-57.png 194w, https:\/\/www.neukoellneroper.de\/wp-content\/uploads\/2021\/09\/Zeichenflaeche-57-50x18.png 50w\" sizes=\"auto, (max-width: 194px) 100vw, 194px\" \/><\/figure>\n<\/div>","protected":false},"excerpt":{"rendered":"<p>NO Kids invites children from age 10 to 15 to make music, play theatre, and simply let loose on stage. Together with director Verena Schonlau Talamonti, the children create a musical theatre piece over several rehearsal weekends, which is eventually performed in front of an audience at the Neuk\u00f6llner Oper. Requirements for participation: no previous [&hellip;]<\/p>\n","protected":false},"author":15,"featured_media":23076,"parent":0,"menu_order":0,"comment_status":"closed","ping_status":"closed","template":"","meta":{"_teasertitle":"","_hidetitle":false,"_titletag":"","_marqueeTitle":false,"_subtitle":"The Children's Club of Neuk\u00f6llner Oper","_locale":"en_US","_original_post":"https:\/\/www.neukoellneroper.de\/?page_id=17259","_onepager":[],"_onepager_single":false,"_pinkie_id":23076,"footnotes":"","_post-color":[]},"class_list":["post-23200","page","type-page","status-publish","has-post-thumbnail","hentry","en-US"],"_links":{"self":[{"href":"https:\/\/www.neukoellneroper.de\/wp-json\/wp\/v2\/pages\/23200","targetHints":{"allow":["GET"]}}],"collection":[{"href":"https:\/\/www.neukoellneroper.de\/wp-json\/wp\/v2\/pages"}],"about":[{"href":"https:\/\/www.neukoellneroper.de\/wp-json\/wp\/v2\/types\/page"}],"author":[{"embeddable":true,"href":"https:\/\/www.neukoellneroper.de\/wp-json\/wp\/v2\/users\/15"}],"replies":[{"embeddable":true,"href":"https:\/\/www.neukoellneroper.de\/wp-json\/wp\/v2\/comments?post=23200"}],"version-history":[{"count":8,"href":"https:\/\/www.neukoellneroper.de\/wp-json\/wp\/v2\/pages\/23200\/revisions"}],"predecessor-version":[{"id":23826,"href":"https:\/\/www.neukoellneroper.de\/wp-json\/wp\/v2\/pages\/23200\/revisions\/23826"}],"wp:featuredmedia":[{"embeddable":true,"href":"https:\/\/www.neukoellneroper.de\/wp-json\/wp\/v2\/media\/23076"}],"wp:attachment":[{"href":"https:\/\/www.neukoellneroper.de\/wp-json\/wp\/v2\/media?parent=23200"}],"curies":[{"name":"wp","href":"https:\/\/api.w.org\/{rel}","templated":true}]}}