{"id":6457,"date":"2020-08-03T15:41:27","date_gmt":"2020-08-03T13:41:27","guid":{"rendered":"https:\/\/www.neukoellneroper.de\/?page_id=6457"},"modified":"2026-03-25T15:11:22","modified_gmt":"2026-03-25T14:11:22","slug":"association","status":"publish","type":"page","link":"https:\/\/www.neukoellneroper.de\/en\/association\/","title":{"rendered":"Association"},"content":{"rendered":"\n<p class=\"has-text-align-center mb-0 has-large-font-size\">Support the Neuk\u00f6llner Oper with your membership and help to create new musical theater and diverse cultural education projects.<\/p>\n\n\n\n<div style=\"height:40px\" aria-hidden=\"true\" class=\"wp-block-spacer\"><\/div>\n\n\n\n<div class=\"wp-block-buttons is-horizontal is-content-justification-center is-layout-flex wp-container-core-buttons-is-layout-499968f5 wp-block-buttons-is-layout-flex\">\n<div class=\"wp-block-button\"><a class=\"wp-block-button__link wp-element-button\" href=\"\/?p=69\">FIND OUT MORE<\/a><\/div>\n<\/div>\n\n\n\n<!--more-->\n\n\n\n<figure class=\"wp-block-image size-large\"><img width=\"1100\" height=\"733\" loading=\"lazy\"src=\"https:\/\/www.neukoellneroper.de\/wp-content\/uploads\/2025\/07\/Hunter4-1100x733.jpg\" alt=\"\" class=\"wp-image-21979\" style=\"aspect-ratio:16\/9;object-fit:cover\" srcset=\"https:\/\/www.neukoellneroper.de\/wp-content\/uploads\/2025\/07\/Hunter4-1100x733.jpg 1100w, https:\/\/www.neukoellneroper.de\/wp-content\/uploads\/2025\/07\/Hunter4-768x512.jpg 768w, https:\/\/www.neukoellneroper.de\/wp-content\/uploads\/2025\/07\/Hunter4-1536x1024.jpg 1536w, https:\/\/www.neukoellneroper.de\/wp-content\/uploads\/2025\/07\/Hunter4-2048x1365.jpg 2048w, https:\/\/www.neukoellneroper.de\/wp-content\/uploads\/2025\/07\/Hunter4-50x33.jpg 50w\" sizes=\"auto, (max-width: 1100px) 100vw, 1100px\" \/><figcaption class=\"wp-element-caption\">\u00a9 Peter van Heesen<\/figcaption><\/figure>\n\n\n\n<p>As one of more than 230 members of the Neuk\u00f6llner Oper, you are not only closer to the theater, but you also make more theater possible: with your membership in our supporting association, you help to create new musical theater in more than 10 productions with over 150 artists per year and support diverse projects in cultural education. As our new association member, you will also receive: discounted tickets to our performances, our member newspaper NOwumm, and the certainty that with 40 euros in annual dues, you are making more opera possible than anywhere else.<\/p>\n\n\n\n<p>At the Neuk\u00f6llner Oper, as one of more than 230 members, you are not only closer, but you also make even more theater possible: With your membership in our supporting association, you help to create new musical theater in more than 10 productions with over 150 artists per year and support diverse cultural education projects. As a new member of our association, you will also receive: discounted tickets to our performances, our member newspaper NOwumm, and the certainty that with an annual membership fee of 40 euros, you are making more opera possible than anywhere else.<\/p>\n\n\n\n<p>The meetings of the board are usually open to the public. So if you are interested, you are cordially invited to come to the next meeting at the Neuk\u00f6llner Oper on 30 September2025, 7.30 pm.<\/p>\n\n\n\n<div class=\"wp-block-columns alignwide is-layout-flex wp-container-core-columns-is-layout-9d6595d7 wp-block-columns-is-layout-flex\">\n<div class=\"wp-block-column has-ffffff-background-color has-background is-layout-flow wp-block-column-is-layout-flow\">\n<h2 class=\"wp-block-heading h4\">BECOME A MEMBER!<\/h2>\n\n\n\n<p>Simply download the membership application and email it to <a href=\"mailto:info@neukoellneroper.de\">info@neukoellneroper.de<\/a>.<\/p>\n\n\n\n<div class=\"wp-block-buttons is-horizontal is-content-justification-center is-layout-flex wp-container-core-buttons-is-layout-499968f5 wp-block-buttons-is-layout-flex\">\n<div class=\"wp-block-button\"><a class=\"wp-block-button__link has-medium-font-size has-custom-font-size wp-element-button\" href=\"https:\/\/www.neukoellneroper.de\/wp-content\/uploads\/2023\/11\/Aufnahmeantrag-NKO_2023.pdf\">Membership &shy; Form<\/a><\/div>\n<\/div>\n<\/div>\n\n\n\n<div class=\"wp-block-column has-ffffff-background-color has-background is-layout-flow wp-block-column-is-layout-flow\">\n<h2 class=\"wp-block-heading h4\">DONATION ACCOUNT<\/h2>\n\n\nNeuk\u00f6llner Oper<br \/>\nBerliner Sparkasse<br \/>\nIBAN: DE11 1005 0000 0190 1814 51\n\n\n\n<div style=\"height:60px\" aria-hidden=\"true\" class=\"wp-block-spacer\"><\/div>\n\n\n\n<div class=\"wp-block-buttons is-horizontal is-content-justification-center is-layout-flex wp-container-core-buttons-is-layout-499968f5 wp-block-buttons-is-layout-flex\">\n<div class=\"wp-block-button\"><a class=\"wp-block-button__link has-medium-font-size has-custom-font-size wp-element-button\" href=\"https:\/\/www.neukoellneroper.de\/wp-content\/uploads\/2023\/11\/Vereinfachte-Zuwendung-Download.pdf\">DONATION  CONFIRMATION<\/a><\/div>\n<\/div>\n<\/div>\n<\/div>\n\n\n\n<div style=\"height:43px\" aria-hidden=\"true\" class=\"wp-block-spacer\"><\/div>\n\n\n\n<div class=\"wp-block-buttons is-horizontal is-content-justification-center is-layout-flex wp-container-core-buttons-is-layout-499968f5 wp-block-buttons-is-layout-flex\">\n<div class=\"wp-block-button\"><a class=\"wp-block-button__link has-medium-font-size has-custom-font-size wp-element-button\" href=\"https:\/\/www.neukoellneroper.de\/wp-content\/uploads\/2022\/11\/VEREINSSATZUNG_aktuell_24-03-2015.pdf\">Statutes<\/a><\/div>\n<\/div>\n\n\n\n<div class=\"wp-block-accordion-widget allow-multiple allow-close-all open-first\">\n<div class=\"wp-block-accordion-item\">\n<h2 class=\"wp-block-heading\"><strong>BOARD<\/strong><\/h2>\n\n\n\n<div class=\"wp-block-accordion-item-content\">\n<div class=\"wp-block-accordion-widget allow-multiple allow-close-all\">\n<div class=\"wp-block-accordion-item\">\n<h2 class=\"wp-block-heading\"><strong>Karin Korte \u2013 Chairwoman of the Board<\/strong><\/h2>\n\n\n\n<div class=\"wp-block-accordion-item-content\">\n<p>Karin Korte served as District Councillor for Education, Culture and Sport in Neuk\u00f6lln until her retirement in 2024. Prior to that, she was a member of the Berlin House of Representatives.<\/p>\n\n\n\n<p>She worked for many years in the Neuk\u00f6lln district administration, including as Migration Officer and as long-standing Director of the Community Center in Gropiusstadt. She is a qualified social worker (Diplom-Sozialarbeiterin) and a certified theatre educator (BuT).<\/p>\n\n\n\n<div style=\"height:25px\" aria-hidden=\"true\" class=\"wp-block-spacer\"><\/div>\n<\/div>\n<\/div>\n<\/div>\n\n\n\n<div class=\"wp-block-accordion-widget allow-multiple allow-close-all\">\n<div class=\"wp-block-accordion-item\">\n<h2 class=\"wp-block-heading\"><strong>Ilka Seifert \u2013 Vice Chairwoman of the Board<\/strong><\/h2>\n\n\n\n<div class=\"wp-block-accordion-item-content\">\n<p>Ilka Seifert was Director and Dramaturge of the Neuk\u00f6llner Oper Berlin and later worked as a dramaturge at the Staatsoper Unter den Linden. She also served as a curator for the Sophiens\u00e6le in Berlin.<\/p>\n\n\n\n<p>Since 2006, she has been working internationally as a freelance dramaturge and concert designer for a wide range of opera houses, concert venues, festivals, ensembles, and presenters. Her current focus is on the development of new concert formats, particularly immersive and interactive concepts.<\/p>\n\n\n\n<p>Website: <a>www.neue-konzertformate.de<\/a><\/p>\n\n\n\n<div style=\"height:25px\" aria-hidden=\"true\" class=\"wp-block-spacer\"><\/div>\n<\/div>\n<\/div>\n<\/div>\n\n\n\n<div class=\"wp-block-accordion-widget allow-multiple allow-close-all\">\n<div class=\"wp-block-accordion-item\">\n<h2 class=\"wp-block-heading\"><strong>Wolfgang Jan\u00dfen \u2013 Treasurer<\/strong><\/h2>\n\n\n\n<div class=\"wp-block-accordion-item-content\">\n<p>Wolfgang Jan\u00dfen, long-time former administrative director of the Berlinale, developed and founded the platform Rollenfang. The initiative was inspired by the wish of his godson, who has Down syndrome, to become an actor, and the significant challenges he faced in pursuing this goal.<\/p>\n\n\n\n<p>Since May 2015, Rollenfang has supported, represented, and connected professional actors with physical or intellectual disabilities. The platform also offers individual coaching and inclusive camera workshops.<\/p>\n\n\n\n<div style=\"height:25px\" aria-hidden=\"true\" class=\"wp-block-spacer\"><\/div>\n<\/div>\n<\/div>\n<\/div>\n\n\n\n<div class=\"wp-block-accordion-widget allow-multiple allow-close-all\">\n<div class=\"wp-block-accordion-item\">\n<h2 class=\"wp-block-heading\"><strong>Anna Jacobi \u2013 Secretary<\/strong><\/h2>\n\n\n\n<div class=\"wp-block-accordion-item-content\">\n<p>Anna Jacobi has worked for more than 30 years in Berlin\u2019s cultural sector in press, PR, and marketing. Most recently, she served as Head of Communications at the Zentral- und Landesbibliothek Berlin. She previously managed the press department at the Haus der Kulturen der Welt and later oversaw all communications at the TIPI am Kanzleramt.<\/p>\n\n\n\n<p>She studied theatre studies and has been a long-time admirer of the Neuk\u00f6llner Oper Berlin, dating back to her student days when performances were still held, among other places, in the Alte TU-Mensa. Even in retirement, Anna continues to work as a consultant in the cultural sector.<\/p>\n\n\n\n<div style=\"height:25px\" aria-hidden=\"true\" class=\"wp-block-spacer\"><\/div>\n<\/div>\n<\/div>\n<\/div>\n\n\n\n<div class=\"wp-block-accordion-widget allow-multiple allow-close-all\">\n<div class=\"wp-block-accordion-item\">\n<h2 class=\"wp-block-heading\"><strong>Helmut Jansen \u2013 Associate Member<\/strong><\/h2>\n\n\n\n<div class=\"wp-block-accordion-item-content\">\n<p>Until his retirement, Helmut Jansen worked as a researcher at TU Berlin and the Fraunhofer Society. He is a founding member of the Neuk\u00f6llner Oper and was also part of the Student Chamber Choir Berlin, which served as the nucleus of the NO founded by Winfried Radeke.<\/p>\n\n\n\n<p>Especially in the early days of the NO\u2014without a permanent venue\u2014this meant that every ensemble member was involved in tasks, activities, and roles in front of, behind, on, and even beneath the stage, contributing organizationally, technically, and artistically\/musically. It was an exciting period full of remarkable and inspiring experiences, which only came to a temporary halt when he began his professional career.<\/p>\n\n\n\n<p>After retiring, he immediately resumed his involvement as a member of the board. In parallel, he performs as a violist in two symphonic amateur orchestras.<\/p>\n\n\n\n<div style=\"height:25px\" aria-hidden=\"true\" class=\"wp-block-spacer\"><\/div>\n<\/div>\n<\/div>\n<\/div>\n\n\n\n<div class=\"wp-block-accordion-widget allow-multiple allow-close-all\">\n<div class=\"wp-block-accordion-item\">\n<h2 class=\"wp-block-heading\"><strong>Susanne Lehmann \u2013 <strong>Associate Member<\/strong><\/strong><\/h2>\n\n\n\n<div class=\"wp-block-accordion-item-content\">\n<p>Susanne Lehmann has been active for many years as a board member of the Neuk\u00f6llner Oper Berlin. She co-manages the Museum im B\u00f6hmischen Dorf and is involved with the QM Rixdorf neighborhood initiative.<\/p>\n\n\n\n<div style=\"height:25px\" aria-hidden=\"true\" class=\"wp-block-spacer\"><\/div>\n<\/div>\n<\/div>\n<\/div>\n\n\n\n<div class=\"wp-block-accordion-widget allow-multiple allow-close-all\">\n<div class=\"wp-block-accordion-item\">\n<h2 class=\"wp-block-heading\"><strong>Magdalena Weidauer \u2013 <strong>Associate Member<\/strong><\/strong><\/h2>\n\n\n\n<div class=\"wp-block-accordion-item-content\">\n<p>Magdalena Weidauer worked for many years at the Theater Plauen Zwickau \/ Vogtlandtheater Plauen as a musician and later as a stage manager and assistant director. She has been living in Berlin since 2012.<\/p>\n\n\n\n<div style=\"height:25px\" aria-hidden=\"true\" class=\"wp-block-spacer\"><\/div>\n<\/div>\n<\/div>\n<\/div>\n\n\n\n<div class=\"wp-block-accordion-widget allow-multiple allow-close-all\">\n<div class=\"wp-block-accordion-item\">\n<h2 class=\"wp-block-heading\"><strong>Winfried Radeke \u2013 Honorary Member of Board<\/strong><\/h2>\n\n\n\n<div class=\"wp-block-accordion-item-content\">\n<p>Winni Radeke studied school music with a focus on composition, church music, and conducting. In 1972, he took a permanent cantor position in Neuk\u00f6lln, where he also staged music theatre at the Martin-Luther-Kirche Neuk\u00f6lln.<\/p>\n\n\n\n<p>In 1977, together with choir members, he founded the Neuk\u00f6llner Oper e.V., motivated by the lack of cultural offerings in the district at the time and the fact that public funding was only available to registered associations. His first senate-funded production was <em>Niemand und Jemand<\/em> (Baroque theatre). He later preferred 20th-century works, composing <em>Overkill<\/em> (1980, anti-nuclear) and <em>Die V\u00f6gel<\/em> (1981).<\/p>\n\n\n\n<p>From 1984, he sought a permanent home for the Neuk\u00f6llner Oper after many guest performances across West Berlin. In 1988, the company opened at its current location in the Passage on Karl-Marx-Stra\u00dfe in Neuk\u00f6lln. Radeke conceived and directed a total of 17 operas for the Neuk\u00f6llner Oper, including five for children. He served on the board until 2007 and remains an honorary board member.<\/p>\n\n\n\n<div style=\"height:25px\" aria-hidden=\"true\" class=\"wp-block-spacer\"><\/div>\n<\/div>\n<\/div>\n<\/div>\n<\/div>\n<\/div>\n<\/div>\n\n\n\n<div style=\"height:25px\" aria-hidden=\"true\" class=\"wp-block-spacer\"><\/div>\n\n\n\n<p class=\"has-text-align-center\"><strong>ADVISORY<\/strong> <strong>BOARD <\/strong><\/p>\n\n\n\n<p class=\"has-text-align-center\">Wolfgang Brauer<br>Kazim Erdogan<br>Dr. Volker Hassemer<br>Nele Hertling<br>Lutz H\u00fcbner<br>Dr. Dorothea Kolland<br>Prof. Dr. Birgit Mandel<br>Sarah Nemitz<br>Peter Otto<br>Prof. Christoph St\u00f6lzl \u2020<br>Alice Str\u00f6ver<br>Michael Wend<\/p>\n\n\n\n<p class=\"has-text-align-center\"><strong>HONORARY MEMBERS<\/strong><\/p>\n\n\n\n<p class=\"has-text-align-center\">Dr. Dorothea Kolland<br>Victor Kopp<\/p>\n","protected":false},"excerpt":{"rendered":"<p>Support the Neuk\u00f6llner Oper with your membership and help to create new musical theater and diverse cultural education projects.<\/p>\n","protected":false},"author":14,"featured_media":21979,"parent":0,"menu_order":0,"comment_status":"closed","ping_status":"closed","template":"","meta":{"_teasertitle":"","_hidetitle":false,"_titletag":"","_marqueeTitle":false,"_subtitle":"","_locale":"en_US","_original_post":"70","_onepager":[],"_onepager_single":true,"_pinkie_id":0,"footnotes":"","_post-color":{"background":"#eecbe3","text":"","highlight":""}},"class_list":["post-6457","page","type-page","status-publish","has-post-thumbnail","hentry","en-US"],"_links":{"self":[{"href":"https:\/\/www.neukoellneroper.de\/wp-json\/wp\/v2\/pages\/6457","targetHints":{"allow":["GET"]}}],"collection":[{"href":"https:\/\/www.neukoellneroper.de\/wp-json\/wp\/v2\/pages"}],"about":[{"href":"https:\/\/www.neukoellneroper.de\/wp-json\/wp\/v2\/types\/page"}],"author":[{"embeddable":true,"href":"https:\/\/www.neukoellneroper.de\/wp-json\/wp\/v2\/users\/14"}],"replies":[{"embeddable":true,"href":"https:\/\/www.neukoellneroper.de\/wp-json\/wp\/v2\/comments?post=6457"}],"version-history":[{"count":29,"href":"https:\/\/www.neukoellneroper.de\/wp-json\/wp\/v2\/pages\/6457\/revisions"}],"predecessor-version":[{"id":23776,"href":"https:\/\/www.neukoellneroper.de\/wp-json\/wp\/v2\/pages\/6457\/revisions\/23776"}],"wp:featuredmedia":[{"embeddable":true,"href":"https:\/\/www.neukoellneroper.de\/wp-json\/wp\/v2\/media\/21979"}],"wp:attachment":[{"href":"https:\/\/www.neukoellneroper.de\/wp-json\/wp\/v2\/media?parent=6457"}],"curies":[{"name":"wp","href":"https:\/\/api.w.org\/{rel}","templated":true}]}}