{"id":9083,"date":"2021-09-01T20:57:31","date_gmt":"2021-09-01T18:57:31","guid":{"rendered":"https:\/\/stage.neukoellneroper.de\/?page_id=9083"},"modified":"2021-09-01T20:57:31","modified_gmt":"2021-09-01T18:57:31","slug":"accessibility-on-the-internet","status":"publish","type":"page","link":"https:\/\/www.neukoellneroper.de\/en\/accessibility-on-the-internet\/","title":{"rendered":"Accessibility on the Internet"},"content":{"rendered":"\n<p>Diese Internet\u00b7seite ist noch nicht fertig. Test\u00b7personen lesen die Texte in Leichter Sprache. Sie pr\u00fcfen, ob die Texte leicht verst\u00e4ndlich sind. Und \u00fcberlegen, welche Bilder zu den Informationen passen.<\/p>\n\n\n\n<p>Die Neuk\u00f6llner Oper arbeitet an einer barrierefreien Internet\u00b7seite. Alle Menschen sollen die Informationen auf der Internet\u00b7seite finden und verstehen. Zum Beispiel soll es zu allen Bildern Beschreibungen geben. So k\u00f6nnen auch blinde Menschen die Internet\u00b7seite verstehen. F\u00fcr die Internet\u00b7seite gibt es bald einen Test. Der Test hei\u00dft: BITV-Test. Die Ergebnisse kann man auf dieser Seite dann lesen.<\/p>\n\n\n\n<p>Bitte schreiben Sie uns oder rufen Sie bei uns an, wenn Sie Probleme mit unserer Internet\u00b7seite haben:<\/p>\n\n\n\n<p>Wenn Sie einen Text nicht verstehen.<br>Wenn eine wichtige Information in Leichter Sprache fehlt.<\/p>\n\n\n\n<h2 class=\"h6 wp-block-heading\">Hier ist die Neuk\u00f6llner Oper<\/h2>\n\n\n\n<p>Neuk\u00f6llner Oper Berlin<br><address>Karl-Marx-Stra\u00dfe 131 \u2013 133<br \/>12043 Berlin<\/address><\/p>\n\n\n\n<p>Telefon: <a href=\"tel:+49306889070\">030\/688907 0<\/a><\/p>\n\n\n\n<h2 class=\"h4 wp-block-heading\">Schlichtungs\u00b7stelle<\/h2>\n\n\n\n<p>Bitte schreiben Sie uns oder rufen Sie uns an, wenn Sie Probleme mit unserer Internet\u00b7seite haben. Dann bekommen Sie eine Antwort von uns.<\/p>\n\n\n\n<p>Wenn Sie mit unserer Antwort nicht zufrieden sind, k\u00f6nnen Sie sich beim Behinderten\u00b7beauftragten in Berlin beschweren.<\/p>\n\n\n\n<p>Beim Behinderten\u00b7beauftragten gibt es eine Schlichtungs\u00b7stelle. Die Schlichtungs\u00b7stelle ist f\u00fcr Menschen mit Behinderung zust\u00e4ndig. Denn Menschen mit Behinderung m\u00fcssen genau so gut behandelt werden wie Menschen ohne Behinderung. Das steht im Behinderten\u00b7gleichstellungs\u00b7gesetz. Das bedeutet auch: Unser Museum darf keine Person benachteiligen. Die Internet\u00b7seite muss barrierefrei sein.<\/p>\n\n\n\n<p>Schlichten bedeutet: sich einigen. Die Schlichtungs\u00b7stelle vermittelt bei Ihrer Beschwerde.<\/p>\n\n\n\n<h2 class=\"h6 wp-block-heading\">Das ist die Adresse von der Schlichtungs\u00b7stelle:<\/h2>\n\n\n\n<p>Schlichtungsstelle nach dem Behindertengleichstellungsgesetz bei dem Beauftragten der Bundesregierung f\u00fcr die Belange von Menschen mit Behinderungen<br>Mauerstra\u00dfe 53<br>10117 Berlin<\/p>\n\n\n\n<p>Telefon: 030 18527-2805<br>Fax: 030 18527-2901<br>E-Mail-Adresse: info@schlichtungsstelle-bgg.de<br>Internet: www.schlichtungsstelle-bgg.de<\/p>\n\n\n\n<p>Diese Information ist vom 27.10.2020.<\/p>\n","protected":false},"excerpt":{"rendered":"<p>Diese Internet\u00b7seite ist noch nicht fertig. Test\u00b7personen lesen die Texte in Leichter Sprache. Sie pr\u00fcfen, ob die Texte leicht verst\u00e4ndlich sind. Und \u00fcberlegen, welche Bilder zu den Informationen passen. Die Neuk\u00f6llner Oper arbeitet an einer barrierefreien Internet\u00b7seite. Alle Menschen sollen die Informationen auf der Internet\u00b7seite finden und verstehen. Zum Beispiel soll es zu allen Bildern [&hellip;]<\/p>\n","protected":false},"author":1,"featured_media":0,"parent":0,"menu_order":0,"comment_status":"closed","ping_status":"closed","template":"","meta":{"_teasertitle":"","_hidetitle":false,"_titletag":"","_marqueeTitle":false,"_subtitle":"","_locale":"en_US","_original_post":"https:\/\/www.neukoellneroper.de\/?page_id=8857","_onepager":[],"_onepager_single":false,"_pinkie_id":0,"footnotes":"","_post-color":[]},"class_list":["post-9083","page","type-page","status-publish","hentry","en-US"],"_links":{"self":[{"href":"https:\/\/www.neukoellneroper.de\/wp-json\/wp\/v2\/pages\/9083","targetHints":{"allow":["GET"]}}],"collection":[{"href":"https:\/\/www.neukoellneroper.de\/wp-json\/wp\/v2\/pages"}],"about":[{"href":"https:\/\/www.neukoellneroper.de\/wp-json\/wp\/v2\/types\/page"}],"author":[{"embeddable":true,"href":"https:\/\/www.neukoellneroper.de\/wp-json\/wp\/v2\/users\/1"}],"replies":[{"embeddable":true,"href":"https:\/\/www.neukoellneroper.de\/wp-json\/wp\/v2\/comments?post=9083"}],"version-history":[{"count":1,"href":"https:\/\/www.neukoellneroper.de\/wp-json\/wp\/v2\/pages\/9083\/revisions"}],"predecessor-version":[{"id":9084,"href":"https:\/\/www.neukoellneroper.de\/wp-json\/wp\/v2\/pages\/9083\/revisions\/9084"}],"wp:attachment":[{"href":"https:\/\/www.neukoellneroper.de\/wp-json\/wp\/v2\/media?parent=9083"}],"curies":[{"name":"wp","href":"https:\/\/api.w.org\/{rel}","templated":true}]}}